{"id":1379,"date":"2020-10-09T04:26:30","date_gmt":"2020-10-09T03:26:30","guid":{"rendered":"http:\/\/2m-design-communication.com\/?page_id=1379"},"modified":"2020-10-09T04:26:31","modified_gmt":"2020-10-09T03:26:31","slug":"notre-demarche-rse","status":"publish","type":"page","link":"https:\/\/2m-design-communication.com\/index.php\/notre-demarche-rse\/","title":{"rendered":"Notre d\u00e9marche RSE"},"content":{"rendered":"\n<p>La responsabilit\u00e9 de 2M DESIGN COMMUNICATION, des marques propos\u00e9s, de ses fournisseurs etc est d\u2019\u0153uvrer <br>\npartout o\u00f9 c\u2019est possible pour r\u00e9duire notre empreinte environnementale et contribuer \u00e0 favoriser les projets <br>\nhumanistes et les valeurs de respect.&nbsp;<\/p>\n\n\n\n<p>Engag\u00e9es depuis leur cr\u00e9ation, nous pla\u00e7ons cette responsabilit\u00e9 au centre de nos attention.<\/p>\n\n\n\n<p><strong>Une d\u00e9marche qualit\u00e9 exigeante<\/strong><\/p>\n\n\n\n<p>Nous mettons tout en \u0153uvre pour que la qualit\u00e9 de nos produits soit irr\u00e9prochable. Pour r\u00e9duire l\u2019impact de notre m\u00e9tier sur l\u2019environnement, il faut <strong>garantir que nos produits seront utilisables \u00e0 de nombreuses reprises et ne participeront pas au g\u00e2chis \u00e9cologique<\/strong> que repr\u00e9sente la fast fashion.&nbsp;<\/p>\n\n\n\n<p>Cette volont\u00e9 est d\u2019autant plus importante qu\u2019elle est coh\u00e9rente avec les attentes de nos clients qui ont tout<strong> int\u00e9r\u00eat \u00e0 ce que nos produits soient utilis\u00e9s \u00e0 de nombreuses reprises<\/strong> et restent irr\u00e9prochables pour garantir la p\u00e9rennit\u00e9 de leur message.&nbsp;<\/p>\n\n\n\n<p><strong>Des d\u00e9penses \u00e9nerg\u00e9tiques limit\u00e9es<\/strong><\/p>\n\n\n\n<p>Nous consid\u00e9rons que la d\u00e9pense \u00e9nerg\u00e9tique repr\u00e9sente un co\u00fbt important \u00e0 l\u2019\u00e9chelle de la plan\u00e8te.&nbsp;<\/p>\n\n\n\n<p>Il faut donc \u00e9viter tout g\u00e2chis et r\u00e9duire partout o\u00f9 c\u2019est possible notre d\u00e9pense. Notre \u00e9quipe trouve des solutions et imposent des r\u00e8gles pour contribuer \u00e0 cette \u00e9conomie. Bien entendu, dans nos <br>\nbureaux, il y a le <strong>recyclage du papier lui-m\u00eame recycl\u00e9<\/strong>, la <strong>limitation des impressions<\/strong>, l\u2019<strong>\u00e9limination des gobelets en plastique<\/strong><strong>, <\/strong>un<strong>usage restreint de la climatisation et du chauffage<\/strong>&#8230;&nbsp;<\/p>\n\n\n\n<p><strong>utilisations de mat\u00e9riaux \u00e9co-responsables<\/strong> dans la fabrication de nos produits et pour nos packaging (cartons et polybags). Enfin, cela se concr\u00e9tise par le <strong>choix de modes de transport et d\u2019un circuit court.<\/strong> Ainsi les ateliers de marquages selectionn\u00e9s sont fran\u00e7ais et se situent tous dans la r\u00e9gion PACA.<\/p>\n\n\n\n<p><strong>Des conditions de travail contr\u00f4l\u00e9es<\/strong><\/p>\n\n\n\n<p>Pour faire \u00e9voluer positivement les pratiques des sites de production et de l\u2019ensemble des parties prenantes de notre activit\u00e9, en amont et en aval de la production, nos fournisseurs sont choisis car membre de <strong>FAIR WEAR<\/strong>, s\u2019engageant ainsi \u00e0 <strong>faire respecter un code des conditions de travail<\/strong> (Code of Labour Practices). La bonne application de ce code est audit\u00e9e par Fair Wear Fundation dont l\u2019objectif est de contribuer \u00e0 l\u2019am\u00e9lioration des conditions de travail dans l\u2019industrie.&nbsp;<\/p>\n\n\n\n<p><strong>Collab\u2019 ESAT<\/strong><\/p>\n\n\n\n<p>De plus soucieux \u00e9galement des enjeux sociaux, notamment <br>\nen terme d\u2019<strong>int\u00e9gration professionnelle d\u2019un public cibl\u00e9<\/strong>, 2M DESIGN COMMUNICATION <strong>travaille avec deux<\/strong> <strong>ESAT (dont un dans la r\u00e9gion PACA).<\/strong> Deux ateliers,cela permets de mettre en ad\u00e9quation leurs plannings de travail et les d\u00e9lais des manifestations<\/p>\n\n\n\n<p><strong>ENGAGEMENT aupr\u00e8s des jeunes<\/strong><\/p>\n\n\n\n<p>Nous avons fait le choix de nous&nbsp; perfectionner dans notre m\u00e9tier afin de <strong>d\u00e9velopper des comp\u00e9tences suppl\u00e9mentaires<\/strong> et de mieux r\u00e9pondre aux attentes de nos clients.<\/p>\n\n\n\n<p>Nous avons choisi de <strong>partager notre exp\u00e9rience par <br>\nl\u2019apprentissage<\/strong>,&nbsp; aider des jeunes \u00e0 acqu\u00e9rir un m\u00e9tier, capitaliser les expertises, d\u00e9multiplier les savoirs et savoir-faire\u2026 <strong>Transmettre son exp\u00e9rience, c\u2019est aussi <br>\nacqu\u00e9rir une comp\u00e9tence de plus, celle du p\u00e9dagogue<\/strong><\/p>\n\n\n\n<p>L\u2019engagement aupr\u00e8s de la jeunesse <strong>passe \u00e9galement par le sport, <\/strong>ainsi nous sommes <strong>partenaire depuis le d\u00e9but de notre histoire avec L\u2019US Seynoise et son \u00e9cole de rugby<\/strong> dont nous partageons les valeurs.<br><\/p>\n\n\n\n<p><br><\/p>\n","protected":false},"excerpt":{"rendered":"<p>La responsabilit\u00e9 de 2M DESIGN COMMUNICATION, des marques propos\u00e9s, de ses fournisseurs etc est d\u2019\u0153uvrer partout o\u00f9 c\u2019est possible pour r\u00e9duire notre empreinte environnementale et [&hellip;]<\/p>\n","protected":false},"author":1,"featured_media":0,"parent":0,"menu_order":0,"comment_status":"closed","ping_status":"closed","template":"","meta":{"footnotes":""},"class_list":["post-1379","page","type-page","status-publish","hentry"],"_links":{"self":[{"href":"https:\/\/2m-design-communication.com\/index.php\/wp-json\/wp\/v2\/pages\/1379","targetHints":{"allow":["GET"]}}],"collection":[{"href":"https:\/\/2m-design-communication.com\/index.php\/wp-json\/wp\/v2\/pages"}],"about":[{"href":"https:\/\/2m-design-communication.com\/index.php\/wp-json\/wp\/v2\/types\/page"}],"author":[{"embeddable":true,"href":"https:\/\/2m-design-communication.com\/index.php\/wp-json\/wp\/v2\/users\/1"}],"replies":[{"embeddable":true,"href":"https:\/\/2m-design-communication.com\/index.php\/wp-json\/wp\/v2\/comments?post=1379"}],"version-history":[{"count":2,"href":"https:\/\/2m-design-communication.com\/index.php\/wp-json\/wp\/v2\/pages\/1379\/revisions"}],"predecessor-version":[{"id":1381,"href":"https:\/\/2m-design-communication.com\/index.php\/wp-json\/wp\/v2\/pages\/1379\/revisions\/1381"}],"wp:attachment":[{"href":"https:\/\/2m-design-communication.com\/index.php\/wp-json\/wp\/v2\/media?parent=1379"}],"curies":[{"name":"wp","href":"https:\/\/api.w.org\/{rel}","templated":true}]}}