{"id":205,"date":"2018-11-27T13:57:35","date_gmt":"2018-11-27T12:57:35","guid":{"rendered":"http:\/\/2m-design-communication.com\/?page_id=205"},"modified":"2019-06-05T10:03:04","modified_gmt":"2019-06-05T09:03:04","slug":"lagence","status":"publish","type":"page","link":"https:\/\/2m-design-communication.com\/index.php\/lagence\/","title":{"rendered":"L&#8217;agence"},"content":{"rendered":"<p>Avec Plus de 10 ans d&#8217;exp\u00e9rience dans la publicit\u00e9, 2M design communication est l\u00e0 pour vous aider \u00e0 vivre votre communication en toute qui\u00e9tude. Que ce soit avec l&#8217;objet publicitaire le textile promotionnel ou le cadeau d&#8217;affaire, nous avons les capacit\u00e9s de r\u00e9pondre \u00e0 vos attentes.<\/p>\n<p>Un service pour vous et votre entreprise, du sur mesure et de la qualit\u00e9 voil\u00e0 ce que nous &nbsp;vous offrons !<\/p>\n<p>N&#8217;h\u00e9sitez plus ! Contactez-nous pour toutes vos demandes nous sommes l\u00e0 pour vous r\u00e9pondre<\/p>\n<p>&nbsp;<\/p>\n<p>&nbsp;<\/p>\n<h2 style=\"text-align: center;\"><strong>Myl\u00e8ne MOUTTE<\/strong><\/h2>\n<p style=\"text-align: center;\"><img loading=\"lazy\" decoding=\"async\" class=\" wp-image-248 alignnone\" src=\"http:\/\/2m-design-communication.com\/wp-content\/uploads\/2018\/11\/1902004_10203233348262375_1135157853_n-e1543326289828-279x300.jpg\" alt=\"\" width=\"203\" height=\"218\" srcset=\"https:\/\/2m-design-communication.com\/wp-content\/uploads\/2018\/11\/1902004_10203233348262375_1135157853_n-e1543326289828-279x300.jpg 279w, https:\/\/2m-design-communication.com\/wp-content\/uploads\/2018\/11\/1902004_10203233348262375_1135157853_n-e1543326289828.jpg 364w\" sizes=\"auto, (max-width: 203px) 100vw, 203px\" \/><\/p>\n<p style=\"text-align: center;\">Graphiste de formation, Elle est la cr\u00e9atrice de l&#8217;Agence,<\/p>\n<p style=\"text-align: center;\">&nbsp;la communication est sa passion<\/p>\n<p style=\"text-align: center;\">Form\u00e9e par les meilleurs pour l&#8217;objet et le textile, la s\u00e9rigraphie, la broderie et la quadrichromie n&#8217;ont plus de secret pour elle<\/p>\n<p style=\"text-align: center;\">&nbsp;<\/p>\n","protected":false},"excerpt":{"rendered":"<p>Avec Plus de 10 ans d&#8217;exp\u00e9rience dans la publicit\u00e9, 2M design communication est l\u00e0 pour vous aider \u00e0 vivre votre communication en toute qui\u00e9tude. Que [&hellip;]<\/p>\n","protected":false},"author":1,"featured_media":0,"parent":0,"menu_order":0,"comment_status":"closed","ping_status":"closed","template":"","meta":{"footnotes":""},"class_list":["post-205","page","type-page","status-publish","hentry"],"_links":{"self":[{"href":"https:\/\/2m-design-communication.com\/index.php\/wp-json\/wp\/v2\/pages\/205","targetHints":{"allow":["GET"]}}],"collection":[{"href":"https:\/\/2m-design-communication.com\/index.php\/wp-json\/wp\/v2\/pages"}],"about":[{"href":"https:\/\/2m-design-communication.com\/index.php\/wp-json\/wp\/v2\/types\/page"}],"author":[{"embeddable":true,"href":"https:\/\/2m-design-communication.com\/index.php\/wp-json\/wp\/v2\/users\/1"}],"replies":[{"embeddable":true,"href":"https:\/\/2m-design-communication.com\/index.php\/wp-json\/wp\/v2\/comments?post=205"}],"version-history":[{"count":3,"href":"https:\/\/2m-design-communication.com\/index.php\/wp-json\/wp\/v2\/pages\/205\/revisions"}],"predecessor-version":[{"id":1221,"href":"https:\/\/2m-design-communication.com\/index.php\/wp-json\/wp\/v2\/pages\/205\/revisions\/1221"}],"wp:attachment":[{"href":"https:\/\/2m-design-communication.com\/index.php\/wp-json\/wp\/v2\/media?parent=205"}],"curies":[{"name":"wp","href":"https:\/\/api.w.org\/{rel}","templated":true}]}}