{"id":309,"date":"2018-11-27T17:35:19","date_gmt":"2018-11-27T16:35:19","guid":{"rendered":"http:\/\/2m-design-communication.com\/?page_id=309"},"modified":"2020-03-23T13:17:58","modified_gmt":"2020-03-23T12:17:58","slug":"objets-promotionnels","status":"publish","type":"page","link":"https:\/\/2m-design-communication.com\/index.php\/objets-promotionnels\/","title":{"rendered":"OBJETS PROMOTIONNELS"},"content":{"rendered":"\n<h3 class=\"wp-block-heading\">COMMENT MIEUX ACHETER VOS OBJETS M\u00c9DIA ?<\/h3>\n\n\n\n<p>Vous \u00eates Responsable Marketing, Responsable Achats, Chef d\u2019entreprise\u00a0? Vous avez conscience que l\u2019<strong>objet est un media publicitaire aux performances imbattables en termes de m\u00e9morisation, fid\u00e9lisation ou attachement<\/strong>. <br>Cependant, choisir le bon objet reste pour vous un casse-t\u00eate\u00a0!<\/p>\n\n\n\n<p>Voici donc quelques questions simples \u00e0 vous poser afin de prendre la bonne d\u00e9cision.<\/p>\n\n\n\n<p>La grande force de l\u2019objet media est de pouvoir porter l\u2019image de votre entreprise en\u00a0<strong>capitalisant sur le plaisir\u00a0<\/strong>que suscite ce support. Mais l<strong>e choix de l\u2019objet d\u00e9pend de plusieurs crit\u00e8res<\/strong>, la <strong>cible<\/strong> que vous voulez toucher, votre <strong>budget<\/strong>, la <strong>mani\u00e8re dont vous allez le distribuer<\/strong> et le <strong>type de message<\/strong> que vous voulez porter.<\/p>\n\n\n\n<h3 class=\"wp-block-heading\">Quel objectif&nbsp;? Pour quelle cible et quel message&nbsp;?<\/h3>\n\n\n\n<p>L\u2019objet est un media \u00e0 part enti\u00e8re. Il doit \u00eatre envisag\u00e9\u00a0<strong>au d\u00e9but de votre r\u00e9flexion marketing,<\/strong>\u00a0en amont de votre campagne. Il sera parfaitement <strong>compl\u00e9mentaire du web, de la presse, la radio ou la t\u00e9l\u00e9vision ou de vos actions de promotion habituelles, dans une logique cross media<\/strong>. Plus vous l\u2019int\u00e9grerez t\u00f4t \u00e0 votre strat\u00e9gie, plus vous serez en capacit\u00e9 de choisir l\u2019article adapt\u00e9 et cr\u00e9atif, le support inattendu qui fera plaisir et que l\u2019on aura envie de conserver.<\/p>\n\n\n\n<p>L\u2019objet choisi d\u00e9pendra de&nbsp;<strong>l\u2019objectif et de la dur\u00e9e de la campagne ainsi que de la cible vis\u00e9e<\/strong>. On ne fera pas le m\u00eame choix s\u2019il s\u2019agit de v\u00e9hiculer votre logo, inciter \u00e0 un achat, remercier vos collaborateurs ou vos clients. Un objet basique distribu\u00e9 en grand nombre permettra de diffuser votre message rapidement et \u00e0 grande \u00e9chelle. Un objet plus qualitatif et original sera conserv\u00e9 plus longtemps et contribuera \u00e0 assoir l\u2019histoire de votre marque ou de montrer \u00e0 vos clients qu\u2019ils vous sont importants et que vous prenez soin d\u2019eux.<\/p>\n\n\n\n<p>R\u00e9fl\u00e9chissez \u00e9galement \u00e0 la&nbsp;<strong>nature du message \u00e0 diffuser<\/strong>. Quelle est l\u2019image de votre entreprise que vous souhaitez mettre en avant : la cr\u00e9ativit\u00e9, la qualit\u00e9, le service ? Quel objet serait coh\u00e9rent, compl\u00e9mentaire du produit ou service que vous vendez&nbsp;? Si vous lancez un produit innovant ou d\u00e9sirez faire valoir vos atouts, vous devrez pensez \u00e0 des objets permettant de porter un contenu plus riche que votre simple logo.<\/p>\n\n\n\n<p>Enfin,&nbsp;<strong>certains objets v\u00e9hiculent en eux-m\u00eames un message<\/strong>&nbsp;\u00e9vident. Les objets technologiques, li\u00e9s au smartphone ou \u00e0 la culture geek enverront un message de modernit\u00e9&nbsp;; les objets recycl\u00e9s, les objets made in Europe ou les objets issus du commerce \u00e9quitable seront le gage des valeurs \u00e9thiques de votre marque.<\/p>\n\n\n\n<h3 class=\"wp-block-heading\">Quantit\u00e9&nbsp;et budget&nbsp;?<\/h3>\n\n\n\n<p>Vous devrez trouver le\u00a0<strong>bon \u00e9quilibre<\/strong>\u00a0entre votre contrainte budg\u00e9taire et la quantit\u00e9 d\u2019objets \u00e0 commander.<strong> Privil\u00e9gier syst\u00e9matiquement la quantit\u00e9 par rapport \u00e0 la qualit\u00e9 reste contreproductif<\/strong>. L\u2019impact d\u2019un objet media sera souvent plus puissant si l\u2019on identifie la qualit\u00e9 des groupes de clients-cibles, et que l\u2019on adapte le rapport qualit\u00e9\/quantit\u00e9 \u00e0 chacun de ces profils.<\/p>\n\n\n\n<p>Par ailleurs, le public est de plus en plus sensible \u00e0 la\u00a0<strong>qualit\u00e9 et l\u2019utilit\u00e9 des cadeaux<\/strong>\u00a0offerts. Pour cela,<strong> adressez-vous aux professionnels qui sont des sp\u00e9cialistes de l\u2019objet media,<\/strong> connaissant parfaitement les sources d\u2019approvisionnement et la vari\u00e9t\u00e9 de l\u2019offre.<\/p>\n\n\n\n<p>Une fois toutes ces questions mises au clair, n\u2019oubliez surtout pas de&nbsp;<strong>faire confiance \u00e0 votre imagination&nbsp;<\/strong>pour inventer un concept de marketing par l\u2019objet impactant pour votre cible et surtout, \u00e0 votre image. Qui est mieux plac\u00e9 que vous pour comprendre la culture de votre entreprise et l\u2019ADN de votre marque&nbsp;?<\/p>\n","protected":false},"excerpt":{"rendered":"<p>COMMENT MIEUX ACHETER VOS OBJETS M\u00c9DIA ? Vous \u00eates Responsable Marketing, Responsable Achats, Chef d\u2019entreprise\u00a0? Vous avez conscience que l\u2019objet est un media publicitaire aux [&hellip;]<\/p>\n","protected":false},"author":1,"featured_media":0,"parent":0,"menu_order":0,"comment_status":"closed","ping_status":"closed","template":"","meta":{"footnotes":""},"class_list":["post-309","page","type-page","status-publish","hentry"],"_links":{"self":[{"href":"https:\/\/2m-design-communication.com\/index.php\/wp-json\/wp\/v2\/pages\/309","targetHints":{"allow":["GET"]}}],"collection":[{"href":"https:\/\/2m-design-communication.com\/index.php\/wp-json\/wp\/v2\/pages"}],"about":[{"href":"https:\/\/2m-design-communication.com\/index.php\/wp-json\/wp\/v2\/types\/page"}],"author":[{"embeddable":true,"href":"https:\/\/2m-design-communication.com\/index.php\/wp-json\/wp\/v2\/users\/1"}],"replies":[{"embeddable":true,"href":"https:\/\/2m-design-communication.com\/index.php\/wp-json\/wp\/v2\/comments?post=309"}],"version-history":[{"count":3,"href":"https:\/\/2m-design-communication.com\/index.php\/wp-json\/wp\/v2\/pages\/309\/revisions"}],"predecessor-version":[{"id":1306,"href":"https:\/\/2m-design-communication.com\/index.php\/wp-json\/wp\/v2\/pages\/309\/revisions\/1306"}],"wp:attachment":[{"href":"https:\/\/2m-design-communication.com\/index.php\/wp-json\/wp\/v2\/media?parent=309"}],"curies":[{"name":"wp","href":"https:\/\/api.w.org\/{rel}","templated":true}]}}