{"id":312,"date":"2018-11-27T17:36:37","date_gmt":"2018-11-27T16:36:37","guid":{"rendered":"http:\/\/2m-design-communication.com\/?page_id=312"},"modified":"2020-03-23T12:42:07","modified_gmt":"2020-03-23T11:42:07","slug":"textile-de-representation","status":"publish","type":"page","link":"https:\/\/2m-design-communication.com\/index.php\/textile-de-representation\/","title":{"rendered":"TEXTILE DE REPRESENTATION"},"content":{"rendered":"\n<p>Une r\u00e9cente \u00e9tude r\u00e9alis\u00e9e\u00a0fait appara\u00eetre que les Fran\u00e7ais <strong>conservent jusqu\u2019\u00e0\u00a05 ans\u00a0le textile promotionnel <\/strong>dans leur garde-robe. Ces v\u00eatements font d\u2019ailleurs partie du\u00a0<strong>top 5<\/strong>\u00a0des objets m\u00e9dias pl\u00e9biscit\u00e9s par les consommateurs.<br><strong>Tee-shirt, sweat-shirt, polo, parka, softshell, bodywarmer, casquette ou \u00e9charpe<\/strong>\u00a0: Objet m\u00e9dia par excellence, il poss\u00e8de une aura particuli\u00e8re parce que notre relation au v\u00eatement est tr\u00e8s personnelle : le r\u00e9cipiendaire d\u2019un tee-shirt ou d\u2019un polo publicitaire ne le portera que s\u2019il est en ad\u00e9quation avec ses propres valeurs.<\/p>\n\n\n\n<h3 class=\"wp-block-heading\">LE POUVOIR DU SOUVENIR<\/h3>\n\n\n\n<p>En effet, il repr\u00e9sente le<strong> souvenir d\u2019un \u00e9v\u00e9nement privil\u00e9gi\u00e9 <\/strong>-une comp\u00e9tition un concert &#8211; ou d\u2019une valeur d\u00e9fendue par une marque ou un collectif nous sommes fiers de le porter, surtout s\u2019il est de qualit\u00e9.<\/p>\n\n\n\n<h3 class=\"wp-block-heading\">LE TEXTILE PUBLICITAIRE POUR L\u2019APPARTENANCE AU GROUPE<\/h3>\n\n\n\n<p>Utilis\u00e9 \u00e0 des fins d\u2019image, le v\u00eatement professionnel promotionnel est tr\u00e8s en vogue et <strong>entretient la notion d\u2019appartenance \u00e0 l\u2019entreprise<\/strong>. Il v\u00e9hicule les valeurs de l\u2019entreprise \u00e0 travers son style, sa qualit\u00e9 mais aussi sa personnalisation. Que ce soit au quotidien sur le lieu de travail ou sur un salon, c\u2019est souvent un v\u00eatement qualitatif qui reprend le code couleur de l\u2019entreprise ou un logo, de fa\u00e7on plus ou moins discr\u00e8te en fonction de l\u2019utilisation que l\u2019entreprise veut en faire : ambiance feutr\u00e9e et discr\u00e9tion pour les salari\u00e9s d\u2019un h\u00f4tel de prestige mais slogan ou logo bien visible sur un salon ou en ext\u00e9rieur. Et jusqu\u2019aux\u00a0<strong>EPI<\/strong>\u00a0(\u00e9quipement de protection personnalis\u00e9), le v\u00eatement professionnel peut \u00eatre marqu\u00e9.<\/p>\n\n\n\n<h3 class=\"wp-block-heading\">OFFRIR UN TEXTILE PUBLICITAIRE DE QUALIT\u00c9<\/h3>\n\n\n\n<p><strong>Ce v\u00eatement d\u00e9fend votre marque et vos valeurs<\/strong>, il s\u2019agit donc d\u2019un investissement : <strong>n\u2019allez pas au moins offrant<\/strong>. Si vous souhaitez qu\u2019il reste \u00ab utile \u00bb \u00e0 votre marque, il doit \u00eatre port\u00e9 souvent et longtemps : misez sur la\u00a0<strong>qualit\u00e9<\/strong>, le\u00a0<strong>style<\/strong>, et la\u00a0<strong>s\u00e9curit\u00e9<\/strong>.<br>Imaginez que le v\u00eatement r\u00e9tr\u00e9cisse ou perde ses couleurs au lavage, c\u2019est un fiasco assur\u00e9 et des clients m\u00e9contents d\u2019\u00eatre mal trait\u00e9s,<br>Pensez qualit\u00e9, pensez \u00e9galement \u00e0 la sensation de plaisir et de bien-\u00eatre que le toucher d\u2019un textile agr\u00e9able peut procurer.<br>Optez pour une certification\u00a0<em>Oekotex<\/em>\u00a0afin de vous assurer qu\u2019il ne contient pas de substances nocives pour la peau s\u2019il s\u2019agit d\u2019un v\u00eatement \u00e0 porter \u00e0-m\u00eame la peau tel un tee-shirt ou un polo et Int\u00e9ressez-vous au textile bio pour des raisons d\u2019\u00e9cologie et de respect de l\u2019environnement.<br>Il existe de nombreux mod\u00e8les standards, des coupes hommes, femmes (et enfants) et de plus en plus de mod\u00e8les se rapprochent des textiles \u00abmode\u00bb.<\/p>\n\n\n\n<h3 class=\"wp-block-heading\">ET LE MARQUAGE ?<\/h3>\n\n\n\n<p>Le textile publicitaire pr\u00e9sente g\u00e9n\u00e9ralement une grande surface de marquage. <strong>Il est important de choisir le type de marquage et son emplacement<\/strong> car l\u00e0 aussi le choix est vaste et s\u2019adapte \u00e0 vos besoins.<br>Plusieurs techniques de marquage sont \u00e0 votre disposition, de la s\u00e9rigraphie au transfert en passant par la sublimation et la broderie. Et vous pouvez \u00e9galement\u00a0<strong>choisir votre emplacement :<\/strong>\u00a0c\u00f4t\u00e9 c\u0153ur, anti-c\u0153ur, manche, nuque, etc\u2026<br>S\u2019il s\u2019agit d\u2019\u00e9quiper des salari\u00e9s sur un chantier ou des coureurs de marathon, privil\u00e9giez une grande surface de marquage dans le dos, afin que la marque soit bien vue de tous, s\u2019il s\u2019agit un tee-shirt pour des \u00e9tudiants (hormis pour leur \u00e9cole), autant faire\u00a0<em>light<\/em>\u00a0et un marquage nuque sera discret et appr\u00e9ci\u00e9.<\/p>\n\n\n\n<p>Vous l\u2019aurez compris, le textile promotionnel est un<strong>\u00a0objet m\u00e9dia de choix qui plait<\/strong>, qui dure et qui vous assure une pr\u00e9sence continue aupr\u00e8s de la cible.<br>Il vous faut donc faire le bon choix : nous vous conseillons de vous <strong>adresser \u00e0 un sp\u00e9cialiste de l\u2019objet m\u00e9dia, qui saura vous conseiller dans le choix de vos textiles et du marquage pour offrir<\/strong>\u00a0<strong>un cadeau appr\u00e9ci\u00e9 de vos clients.<\/strong><\/p>\n\n\n\n<p><strong>Adaptez votre budget \u00e0 votre cible, et puisque nous parlons environnement de mani\u00e8re pressante, plut\u00f4t que d\u2019acheter en quantit\u00e9, achetez en qualit\u00e9 car les r\u00e9cipiendaires conserveront votre objet media plus longtemps, s\u00e9curisant ainsi le taux de m\u00e9morisation de votre message comme de votre marque.<\/strong><\/p>\n\n\n\n<p><em>* Source : \u00e9tude CSA Research \/2fcpo 2017 : Perception de l\u2019objet publicitaire par les Fran\u00e7ais.<\/em><\/p>\n","protected":false},"excerpt":{"rendered":"<p>Une r\u00e9cente \u00e9tude r\u00e9alis\u00e9e\u00a0fait appara\u00eetre que les Fran\u00e7ais conservent jusqu\u2019\u00e0\u00a05 ans\u00a0le textile promotionnel dans leur garde-robe. Ces v\u00eatements font d\u2019ailleurs partie du\u00a0top 5\u00a0des objets m\u00e9dias [&hellip;]<\/p>\n","protected":false},"author":1,"featured_media":0,"parent":0,"menu_order":0,"comment_status":"closed","ping_status":"closed","template":"","meta":{"footnotes":""},"class_list":["post-312","page","type-page","status-publish","hentry"],"_links":{"self":[{"href":"https:\/\/2m-design-communication.com\/index.php\/wp-json\/wp\/v2\/pages\/312","targetHints":{"allow":["GET"]}}],"collection":[{"href":"https:\/\/2m-design-communication.com\/index.php\/wp-json\/wp\/v2\/pages"}],"about":[{"href":"https:\/\/2m-design-communication.com\/index.php\/wp-json\/wp\/v2\/types\/page"}],"author":[{"embeddable":true,"href":"https:\/\/2m-design-communication.com\/index.php\/wp-json\/wp\/v2\/users\/1"}],"replies":[{"embeddable":true,"href":"https:\/\/2m-design-communication.com\/index.php\/wp-json\/wp\/v2\/comments?post=312"}],"version-history":[{"count":4,"href":"https:\/\/2m-design-communication.com\/index.php\/wp-json\/wp\/v2\/pages\/312\/revisions"}],"predecessor-version":[{"id":1279,"href":"https:\/\/2m-design-communication.com\/index.php\/wp-json\/wp\/v2\/pages\/312\/revisions\/1279"}],"wp:attachment":[{"href":"https:\/\/2m-design-communication.com\/index.php\/wp-json\/wp\/v2\/media?parent=312"}],"curies":[{"name":"wp","href":"https:\/\/api.w.org\/{rel}","templated":true}]}}